{"id":74363,"date":"2023-02-06T14:56:08","date_gmt":"2023-02-06T13:56:08","guid":{"rendered":"https:\/\/www.myfitapp.com\/cockpit-people-notauthorised\/"},"modified":"2023-02-24T10:56:26","modified_gmt":"2023-02-24T09:56:26","slug":"cockpit-personen-keineberechtigung","status":"publish","type":"page","link":"https:\/\/www.myfitapp.com\/de\/cockpit-personen-keineberechtigung\/","title":{"rendered":"Erfahre mehr zum Men\u00fcpunkt &#8222;Personen&#8220;"},"content":{"rendered":"<p>[et_pb_section fb_built=&#8220;1&#8243; _builder_version=&#8220;4.9.4&#8243; _module_preset=&#8220;default&#8220; transform_translate_linked=&#8220;off&#8220; custom_margin=&#8220;-20px||-50px||false|false&#8220;][et_pb_row _builder_version=&#8220;4.9.4&#8243; _module_preset=&#8220;default&#8220;][et_pb_column type=&#8220;4_4&#8243; _builder_version=&#8220;4.9.4&#8243; _module_preset=&#8220;default&#8220;][et_pb_text _builder_version=&#8220;4.9.4&#8243; _module_preset=&#8220;default&#8220; custom_padding=&#8220;||80px||false|false&#8220; hover_enabled=&#8220;0&#8243; locked=&#8220;off&#8220; sticky_enabled=&#8220;0&#8243;]<\/p>\n<h2 class=\"p1\" style=\"text-align: center;\"><span class=\"s1\">Deine App hat die Funktion Personen, Du hast aber keine Zugriffsrechte.<br \/>Frage in Deinem Studio nach.<\/span><\/h2>\n<p>[\/et_pb_text][et_pb_text content_tablet=&#8220;<\/p>\n<h1 style=%22text-align: center;%22>Der Event Kalender  <span class=%22subtext%22>Die stressfreie L\u00f6sung zur Verwaltung aller Deiner Zeitpl\u00e4ne<\/span><\/h1>\n<p>&#8220; content_phone=&#8220;<\/p>\n<h2>Der Event Kalender  <span class=%22subtext%22>Die stressfreie L\u00f6sung zur Verwaltung aller Deiner Zeitpl\u00e4ne<\/span><\/h2>\n<p>&#8220; content_last_edited=&#8220;off|desktop&#8220; _builder_version=&#8220;4.9.4&#8243;]<\/p>\n<h1 style=\"text-align: center;\"><span>Personen<\/span><\/h1>\n<h2 style=\"text-align: center;\"><span class=\"subtext\">Benutzerprofile einsehen<\/span><\/h2>\n<p>&nbsp;<\/p>\n<p>[\/et_pb_text][\/et_pb_column][\/et_pb_row][\/et_pb_section][et_pb_section fb_built=&#8220;1&#8243; _builder_version=&#8220;4.9.4&#8243; _module_preset=&#8220;default&#8220; custom_padding=&#8220;2px||3px|||&#8220;][et_pb_row column_structure=&#8220;1_2,1_2&#8243; _builder_version=&#8220;4.9.4&#8243; _module_preset=&#8220;default&#8220;][et_pb_column type=&#8220;1_2&#8243; _builder_version=&#8220;4.9.4&#8243; _module_preset=&#8220;default&#8220;][et_pb_image src=&#8220;https:\/\/www.myfitapp.com\/wp-content\/uploads\/2023\/02\/People-Marketing-page-cockpit-2.png&#8220; alt=&#8220;icon of people&#8220; title_text=&#8220;People &#8211; Marketing page cockpit&#8220; _builder_version=&#8220;4.9.4&#8243; _module_preset=&#8220;default&#8220; transform_translate=&#8220;0px|-41px&#8220; transform_translate_linked=&#8220;off&#8220; width=&#8220;57%&#8220; module_alignment=&#8220;right&#8220;][\/et_pb_image][\/et_pb_column][et_pb_column type=&#8220;1_2&#8243; _builder_version=&#8220;4.9.4&#8243; _module_preset=&#8220;default&#8220;][et_pb_text _builder_version=&#8220;4.9.4&#8243; _module_preset=&#8220;default&#8220; custom_padding=&#8220;2px|||||&#8220;]<\/p>\n<p>Unter dem Men\u00fcpunkt Personen kannst Du App-Nutzer finden. Du hast hier die M\u00f6glichkeit sie zu suchen, ihre ID oder Handynummer einzusehen und sie bei Bedarf f\u00fcr Buchungen im myFitApp Event Kalender zu sperren.\u00a0<\/p>\n<p>Die ID kannst Du nutzen, um einzelne Personen per <a href=\"https:\/\/www.myfitapp.com\/de\/marketing-automatisierung\/\" target=\"_blank\" rel=\"noopener\">Marketing Automation<\/a> anzuschreiben.\u00a0<\/p>\n<p>[\/et_pb_text][\/et_pb_column][\/et_pb_row][\/et_pb_section]<\/p>\n","protected":false},"excerpt":{"rendered":"<p>Deine App hat die Funktion Personen, Du hast aber keine Zugriffsrechte.Frage in Deinem Studio nach.Personen Benutzerprofile einsehen &nbsp;Unter dem Men\u00fcpunkt Personen kannst Du App-Nutzer finden. Du hast hier die M\u00f6glichkeit sie zu suchen, ihre ID oder Handynummer einzusehen und sie bei Bedarf f\u00fcr Buchungen im myFitApp Event Kalender zu sperren.\u00a0 Die ID kannst Du nutzen, [&hellip;]<\/p>\n","protected":false},"author":14,"featured_media":0,"parent":0,"menu_order":0,"comment_status":"closed","ping_status":"closed","template":"page-template-blank.php","meta":{"_et_pb_use_builder":"on","_et_pb_old_content":"","_et_gb_content_width":"","footnotes":""},"class_list":["post-74363","page","type-page","status-publish","hentry"],"yoast_head":"<!-- This site is optimized with the Yoast SEO plugin v27.2 - https:\/\/yoast.com\/product\/yoast-seo-wordpress\/ -->\n<title>myFitApp Erfahre mehr zum Men\u00fcpunkt &quot;Personen&quot;<\/title>\n<meta name=\"description\" content=\"Unter dem Men\u00fcpunkt Personen im myFitApp Cockpit kannst Du Deine App-Nutzer einsehen und verwalten. Mehr dazu hier.\" \/>\n<meta name=\"robots\" content=\"index, follow, max-snippet:-1, max-image-preview:large, max-video-preview:-1\" \/>\n<link rel=\"canonical\" href=\"https:\/\/www.myfitapp.com\/de\/cockpit-personen-keineberechtigung\/\" \/>\n<meta property=\"og:locale\" content=\"de_DE\" \/>\n<meta property=\"og:type\" content=\"article\" \/>\n<meta property=\"og:title\" content=\"myFitApp Erfahre mehr zum Men\u00fcpunkt &quot;Personen&quot;\" \/>\n<meta property=\"og:description\" content=\"Unter dem Men\u00fcpunkt Personen im myFitApp Cockpit kannst Du Deine App-Nutzer einsehen und verwalten. Mehr dazu hier.\" \/>\n<meta property=\"og:url\" content=\"https:\/\/www.myfitapp.com\/de\/cockpit-personen-keineberechtigung\/\" \/>\n<meta property=\"og:site_name\" content=\"myFitApp\" \/>\n<meta property=\"article:modified_time\" content=\"2023-02-24T09:56:26+00:00\" \/>\n<meta name=\"twitter:card\" content=\"summary_large_image\" \/>\n<meta name=\"twitter:label1\" content=\"Gesch\u00e4tzte Lesezeit\" \/>\n\t<meta name=\"twitter:data1\" content=\"1\u00a0Minute\" \/>\n<script type=\"application\/ld+json\" class=\"yoast-schema-graph\">{\"@context\":\"https:\/\/schema.org\",\"@graph\":[{\"@type\":\"WebPage\",\"@id\":\"https:\/\/www.myfitapp.com\/de\/cockpit-personen-keineberechtigung\/\",\"url\":\"https:\/\/www.myfitapp.com\/de\/cockpit-personen-keineberechtigung\/\",\"name\":\"myFitApp Erfahre mehr zum Men\u00fcpunkt \\\"Personen\\\"\",\"isPartOf\":{\"@id\":\"https:\/\/www.myfitapp.com\/de\/#website\"},\"datePublished\":\"2023-02-06T13:56:08+00:00\",\"dateModified\":\"2023-02-24T09:56:26+00:00\",\"description\":\"Unter dem Men\u00fcpunkt Personen im myFitApp Cockpit kannst Du Deine App-Nutzer einsehen und verwalten. Mehr dazu hier.\",\"breadcrumb\":{\"@id\":\"https:\/\/www.myfitapp.com\/de\/cockpit-personen-keineberechtigung\/#breadcrumb\"},\"inLanguage\":\"de\",\"potentialAction\":[{\"@type\":\"ReadAction\",\"target\":[\"https:\/\/www.myfitapp.com\/de\/cockpit-personen-keineberechtigung\/\"]}]},{\"@type\":\"BreadcrumbList\",\"@id\":\"https:\/\/www.myfitapp.com\/de\/cockpit-personen-keineberechtigung\/#breadcrumb\",\"itemListElement\":[{\"@type\":\"ListItem\",\"position\":1,\"name\":\"Home\",\"item\":\"https:\/\/www.myfitapp.com\/de\/\"},{\"@type\":\"ListItem\",\"position\":2,\"name\":\"Erfahre mehr zum Men\u00fcpunkt &#8222;Personen&#8220;\"}]},{\"@type\":\"WebSite\",\"@id\":\"https:\/\/www.myfitapp.com\/de\/#website\",\"url\":\"https:\/\/www.myfitapp.com\/de\/\",\"name\":\"myFitApp\",\"description\":\"Die hybride Business Plattform f\u00fcr Fitnessstudios\",\"potentialAction\":[{\"@type\":\"SearchAction\",\"target\":{\"@type\":\"EntryPoint\",\"urlTemplate\":\"https:\/\/www.myfitapp.com\/de\/?s={search_term_string}\"},\"query-input\":{\"@type\":\"PropertyValueSpecification\",\"valueRequired\":true,\"valueName\":\"search_term_string\"}}],\"inLanguage\":\"de\"}]}<\/script>\n<!-- \/ Yoast SEO plugin. -->","yoast_head_json":{"title":"myFitApp Erfahre mehr zum Men\u00fcpunkt \"Personen\"","description":"Unter dem Men\u00fcpunkt Personen im myFitApp Cockpit kannst Du Deine App-Nutzer einsehen und verwalten. Mehr dazu hier.","robots":{"index":"index","follow":"follow","max-snippet":"max-snippet:-1","max-image-preview":"max-image-preview:large","max-video-preview":"max-video-preview:-1"},"canonical":"https:\/\/www.myfitapp.com\/de\/cockpit-personen-keineberechtigung\/","og_locale":"de_DE","og_type":"article","og_title":"myFitApp Erfahre mehr zum Men\u00fcpunkt \"Personen\"","og_description":"Unter dem Men\u00fcpunkt Personen im myFitApp Cockpit kannst Du Deine App-Nutzer einsehen und verwalten. Mehr dazu hier.","og_url":"https:\/\/www.myfitapp.com\/de\/cockpit-personen-keineberechtigung\/","og_site_name":"myFitApp","article_modified_time":"2023-02-24T09:56:26+00:00","twitter_card":"summary_large_image","twitter_misc":{"Gesch\u00e4tzte Lesezeit":"1\u00a0Minute"},"schema":{"@context":"https:\/\/schema.org","@graph":[{"@type":"WebPage","@id":"https:\/\/www.myfitapp.com\/de\/cockpit-personen-keineberechtigung\/","url":"https:\/\/www.myfitapp.com\/de\/cockpit-personen-keineberechtigung\/","name":"myFitApp Erfahre mehr zum Men\u00fcpunkt \"Personen\"","isPartOf":{"@id":"https:\/\/www.myfitapp.com\/de\/#website"},"datePublished":"2023-02-06T13:56:08+00:00","dateModified":"2023-02-24T09:56:26+00:00","description":"Unter dem Men\u00fcpunkt Personen im myFitApp Cockpit kannst Du Deine App-Nutzer einsehen und verwalten. Mehr dazu hier.","breadcrumb":{"@id":"https:\/\/www.myfitapp.com\/de\/cockpit-personen-keineberechtigung\/#breadcrumb"},"inLanguage":"de","potentialAction":[{"@type":"ReadAction","target":["https:\/\/www.myfitapp.com\/de\/cockpit-personen-keineberechtigung\/"]}]},{"@type":"BreadcrumbList","@id":"https:\/\/www.myfitapp.com\/de\/cockpit-personen-keineberechtigung\/#breadcrumb","itemListElement":[{"@type":"ListItem","position":1,"name":"Home","item":"https:\/\/www.myfitapp.com\/de\/"},{"@type":"ListItem","position":2,"name":"Erfahre mehr zum Men\u00fcpunkt &#8222;Personen&#8220;"}]},{"@type":"WebSite","@id":"https:\/\/www.myfitapp.com\/de\/#website","url":"https:\/\/www.myfitapp.com\/de\/","name":"myFitApp","description":"Die hybride Business Plattform f\u00fcr Fitnessstudios","potentialAction":[{"@type":"SearchAction","target":{"@type":"EntryPoint","urlTemplate":"https:\/\/www.myfitapp.com\/de\/?s={search_term_string}"},"query-input":{"@type":"PropertyValueSpecification","valueRequired":true,"valueName":"search_term_string"}}],"inLanguage":"de"}]}},"_links":{"self":[{"href":"https:\/\/www.myfitapp.com\/de\/wp-json\/wp\/v2\/pages\/74363","targetHints":{"allow":["GET"]}}],"collection":[{"href":"https:\/\/www.myfitapp.com\/de\/wp-json\/wp\/v2\/pages"}],"about":[{"href":"https:\/\/www.myfitapp.com\/de\/wp-json\/wp\/v2\/types\/page"}],"author":[{"embeddable":true,"href":"https:\/\/www.myfitapp.com\/de\/wp-json\/wp\/v2\/users\/14"}],"replies":[{"embeddable":true,"href":"https:\/\/www.myfitapp.com\/de\/wp-json\/wp\/v2\/comments?post=74363"}],"version-history":[{"count":12,"href":"https:\/\/www.myfitapp.com\/de\/wp-json\/wp\/v2\/pages\/74363\/revisions"}],"predecessor-version":[{"id":74504,"href":"https:\/\/www.myfitapp.com\/de\/wp-json\/wp\/v2\/pages\/74363\/revisions\/74504"}],"wp:attachment":[{"href":"https:\/\/www.myfitapp.com\/de\/wp-json\/wp\/v2\/media?parent=74363"}],"curies":[{"name":"wp","href":"https:\/\/api.w.org\/{rel}","templated":true}]}}